{"id":25,"date":"2016-11-14T15:51:56","date_gmt":"2016-11-14T15:51:56","guid":{"rendered":"http:\/\/karacsonyfa-vasar.hu\/?page_id=25"},"modified":"2016-11-18T09:05:30","modified_gmt":"2016-11-18T09:05:30","slug":"a-megrendeles","status":"publish","type":"page","link":"https:\/\/karacsonyfa-vasar.hu\/english\/a-megrendeles\/","title":{"rendered":"A megrendel\u00e9s"},"content":{"rendered":"<p><strong>Feny\u0151farendel\u00e9s h\u00e1rom egyszer\u0171 l\u00e9p\u00e9sben!<\/strong><\/p>\n<p><strong>Els\u0151 l\u00e9p\u00e9s<\/strong>: V\u00e1lassza ki az \u00d6n sz\u00e1m\u00e1ra megfelel\u0151 m\u00e9ret\u0171 feny\u0151f\u00e1t.<\/p>\n<p><strong>M\u00e1sodik l\u00e9p\u00e9s:<\/strong> Adja meg sz\u00e1ll\u00edt\u00e1si adatait, hogy fel tudjuk venni \u00d6nnel a kapcsolatot telefonon.<\/p>\n<p><strong>Harmadik l\u00e9p\u00e9s:<\/strong> Telefonon felkeress\u00fck, \u00e9s m\u00e9g egyszer egyeztetj\u00fck a sz\u00e1ll\u00edt\u00e1s k\u00f6r\u00fclm\u00e9nyeit. A leegyeztetett id\u0151pontban fut\u00e1runk megjelenik \u00d6nn\u00e9l. H\u00e1rom-\u00f6t fa k\u00f6z\u00fcl kiv\u00e1lasztja a megfelel\u0151t \u00e9s amennyiben szeretn\u00e9, fut\u00e1runk felviszi \u00e9s be is faragja. Ha el\u00e9gedett a munk\u00e1nkkal k\u00f6vetkezhet a fizet\u00e9s.<\/p>\n<p>&nbsp;<\/p>\n<p>&nbsp;<\/p>\n<p>&nbsp;<\/p>\n","protected":false},"excerpt":{"rendered":"<p>Feny\u0151farendel\u00e9s h\u00e1rom egyszer\u0171 l\u00e9p\u00e9sben! Els\u0151 l\u00e9p\u00e9s: V\u00e1lassza ki az \u00d6n sz\u00e1m\u00e1ra megfelel\u0151 m\u00e9ret\u0171 feny\u0151f\u00e1t. M\u00e1sodik l\u00e9p\u00e9s: Adja meg sz\u00e1ll\u00edt\u00e1si adatait, hogy fel tudjuk venni \u00d6nnel a kapcsolatot telefonon. Harmadik l\u00e9p\u00e9s: Telefonon felkeress\u00fck, \u00e9s m\u00e9g egyszer egyeztetj\u00fck a sz\u00e1ll\u00edt\u00e1s k\u00f6r\u00fclm\u00e9nyeit. A leegyeztetett id\u0151pontban fut\u00e1runk megjelenik \u00d6nn\u00e9l. H\u00e1rom-\u00f6t fa k\u00f6z\u00fcl kiv\u00e1lasztja a megfelel\u0151t \u00e9s amennyiben szeretn\u00e9, fut\u00e1runk [&hellip;]<\/p>\n","protected":false},"author":1,"featured_media":0,"parent":0,"menu_order":0,"comment_status":"closed","ping_status":"closed","template":"","meta":{"footnotes":""},"class_list":["post-25","page","type-page","status-publish","hentry"],"_links":{"self":[{"href":"https:\/\/karacsonyfa-vasar.hu\/english\/wp-json\/wp\/v2\/pages\/25","targetHints":{"allow":["GET"]}}],"collection":[{"href":"https:\/\/karacsonyfa-vasar.hu\/english\/wp-json\/wp\/v2\/pages"}],"about":[{"href":"https:\/\/karacsonyfa-vasar.hu\/english\/wp-json\/wp\/v2\/types\/page"}],"author":[{"embeddable":true,"href":"https:\/\/karacsonyfa-vasar.hu\/english\/wp-json\/wp\/v2\/users\/1"}],"replies":[{"embeddable":true,"href":"https:\/\/karacsonyfa-vasar.hu\/english\/wp-json\/wp\/v2\/comments?post=25"}],"version-history":[{"count":3,"href":"https:\/\/karacsonyfa-vasar.hu\/english\/wp-json\/wp\/v2\/pages\/25\/revisions"}],"predecessor-version":[{"id":87,"href":"https:\/\/karacsonyfa-vasar.hu\/english\/wp-json\/wp\/v2\/pages\/25\/revisions\/87"}],"wp:attachment":[{"href":"https:\/\/karacsonyfa-vasar.hu\/english\/wp-json\/wp\/v2\/media?parent=25"}],"curies":[{"name":"wp","href":"https:\/\/api.w.org\/{rel}","templated":true}]}}