{"id":20,"date":"2016-11-14T15:44:14","date_gmt":"2016-11-14T15:44:14","guid":{"rendered":"http:\/\/karacsonyfa-vasar.hu\/?page_id=20"},"modified":"2016-11-14T15:44:14","modified_gmt":"2016-11-14T15:44:14","slug":"talpba-allitas-ingyenesen","status":"publish","type":"page","link":"https:\/\/karacsonyfa-vasar.hu\/english\/talpba-allitas-ingyenesen\/","title":{"rendered":"Talpba \u00e1ll\u00edt\u00e1s ingyenesen"},"content":{"rendered":"<p>\u00d3r\u00e1kat szokott bajl\u00f3dni a fa be\u00e1ll\u00edt\u00e1s\u00e1val kar\u00e1csony napj\u00e1n? Legt\u00f6bbsz\u00f6r m\u00e9g a megfelel\u0151 szersz\u00e1m sincs meg hozz\u00e1. Mi\u00e9rt vesz\u0151dni, mikor az \u00fcnnep az \u00fcnnepr\u0151l is sz\u00f3lhat! Mi befaragjuk kar\u00e1csonyf\u00e1j\u00e1t, \u00d6nnek pedig nincs m\u00e1s dolga, mint \u00e9lvezni az \u00fcnnep minden pillanat\u00e1t. A\u00a0nagyobb feny\u0151f\u00e1kat\u00a0el\u0151re megfaragott t\u00f6rzzsel sz\u00e1ll\u00edtjuk ki, a helysz\u00ednen pedig a\u00a0feny\u0151fatalpba igaz\u00edtjuk. Amennyiben szeretn\u00e9 felvissz\u00fck a lak\u00e1s\u00e1ba, \u00edgy az \u00fcnnep kezdetekor m\u00e1r csup\u00e1n fel kell \u00e1ll\u00edtani.<\/p>\n","protected":false},"excerpt":{"rendered":"<p>\u00d3r\u00e1kat szokott bajl\u00f3dni a fa be\u00e1ll\u00edt\u00e1s\u00e1val kar\u00e1csony napj\u00e1n? Legt\u00f6bbsz\u00f6r m\u00e9g a megfelel\u0151 szersz\u00e1m sincs meg hozz\u00e1. Mi\u00e9rt vesz\u0151dni, mikor az \u00fcnnep az \u00fcnnepr\u0151l is sz\u00f3lhat! Mi befaragjuk kar\u00e1csonyf\u00e1j\u00e1t, \u00d6nnek pedig nincs m\u00e1s dolga, mint \u00e9lvezni az \u00fcnnep minden pillanat\u00e1t. A\u00a0nagyobb feny\u0151f\u00e1kat\u00a0el\u0151re megfaragott t\u00f6rzzsel sz\u00e1ll\u00edtjuk ki, a helysz\u00ednen pedig a\u00a0feny\u0151fatalpba igaz\u00edtjuk. Amennyiben szeretn\u00e9 felvissz\u00fck a lak\u00e1s\u00e1ba, [&hellip;]<\/p>\n","protected":false},"author":1,"featured_media":0,"parent":0,"menu_order":0,"comment_status":"closed","ping_status":"closed","template":"","meta":{"footnotes":""},"class_list":["post-20","page","type-page","status-publish","hentry"],"_links":{"self":[{"href":"https:\/\/karacsonyfa-vasar.hu\/english\/wp-json\/wp\/v2\/pages\/20","targetHints":{"allow":["GET"]}}],"collection":[{"href":"https:\/\/karacsonyfa-vasar.hu\/english\/wp-json\/wp\/v2\/pages"}],"about":[{"href":"https:\/\/karacsonyfa-vasar.hu\/english\/wp-json\/wp\/v2\/types\/page"}],"author":[{"embeddable":true,"href":"https:\/\/karacsonyfa-vasar.hu\/english\/wp-json\/wp\/v2\/users\/1"}],"replies":[{"embeddable":true,"href":"https:\/\/karacsonyfa-vasar.hu\/english\/wp-json\/wp\/v2\/comments?post=20"}],"version-history":[{"count":1,"href":"https:\/\/karacsonyfa-vasar.hu\/english\/wp-json\/wp\/v2\/pages\/20\/revisions"}],"predecessor-version":[{"id":21,"href":"https:\/\/karacsonyfa-vasar.hu\/english\/wp-json\/wp\/v2\/pages\/20\/revisions\/21"}],"wp:attachment":[{"href":"https:\/\/karacsonyfa-vasar.hu\/english\/wp-json\/wp\/v2\/media?parent=20"}],"curies":[{"name":"wp","href":"https:\/\/api.w.org\/{rel}","templated":true}]}}