{"id":18,"date":"2016-11-14T15:42:21","date_gmt":"2016-11-14T15:42:21","guid":{"rendered":"http:\/\/karacsonyfa-vasar.hu\/?page_id=18"},"modified":"2016-11-18T09:02:26","modified_gmt":"2016-11-18T09:02:26","slug":"aszf-altalanos-szerzodesi-feltetelek","status":"publish","type":"page","link":"https:\/\/karacsonyfa-vasar.hu\/english\/aszf-altalanos-szerzodesi-feltetelek\/","title":{"rendered":"\u00c1SZF &#8211; \u00c1ltal\u00e1nos szerz\u0151d\u00e9si felt\u00e9telek"},"content":{"rendered":"<p>Jelen weboldal \u00fczemeltet\u0151je Gilincsek Edg\u00e1r \u0151stermel\u0151 (C\u00edm: 1027 Budapest, Frankel Le\u00f3 u. 24. Ad\u00f3sz\u00e1m: 74996274-1-41, Telephely: 8800 Nagykanizsa K\u00fclter\u00fclet Hrsz.:1105\/25), \u00a0tov\u00e1bbiakban mint &#8220;Szolg\u00e1ltat\u00f3&#8221;, \u00a0az al\u00e1bbiakban nyilatkozik a http:\/\/karacsonyfa-vasar.hu\/english oldalon ig\u00e9nybe vehet\u0151 szolg\u00e1ltat\u00e1sokat \u00e9s szerz\u0151d\u00e9ses felt\u00e9teleket illet\u0151en.<\/p>\n<p>A karacsonyfa-vasar.hu oldalon a v\u00e1s\u00e1rl\u00e1s elektronikus \u00faton leadott megrendel\u00e9ssel vagy telefonon t\u00f6rt\u00e9n\u0151 megrendel\u00e9ssel lehets\u00e9ges.<\/p>\n<p>A karacsonyfa-vasar.hu szolg\u00e1ltat\u00e1s\u00e1t b\u00e1rki jogosult ig\u00e9nybe venni, aki a k\u00f6vetkez\u0151 f\u00f6ldrajzi k\u00f6rben adja le rendel\u00e9s\u00e9t: Budapest, Solym\u00e1r, Nagykov\u00e1csi, \u00dcr\u00f6m, Budakal\u00e1sz, Dunakeszi T\u00f6r\u00f6kb\u00e1lint, Buda\u00f6rs, Budakeszi. Minden egy\u00e9b telep\u00fcl\u00e9sre a Szolg\u00e1ltat\u00f3 megtagadhatja a kisz\u00e1ll\u00edt\u00e1st. Err\u0151l a megrendel\u0151t elektronikus lev\u00e9lben t\u00e1j\u00e9koztatjuk.<\/p>\n<p>A megrendel\u00e9s lead\u00e1sa nem min\u0151s\u00fcl szerz\u0151d\u00e9snek, a teljes\u00edt\u00e9sig m\u00f3dos\u00edthat\u00f3, illetve lemondhat\u00f3, erre telefonon \u00e9s elektronikus lev\u00e9lben van lehet\u0151s\u00e9g, az el\u00e9rhet\u0151s\u00e9gek men\u00fcpontban r\u00f6gz\u00edtett el\u00e9rhet\u0151s\u00e9gek valamelyik\u00e9n.<\/p>\n<p>A Szolg\u00e1ltat\u00f3 v\u00e1llalja, hogy a megrendel\u00e9st k\u00f6vet\u0151en telefonon egyezteti a kisz\u00e1ll\u00edt\u00e1s id\u0151pontj\u00e1t a Megrendel\u0151vel.<\/p>\n<p>A Szolg\u00e1ltat\u00f3 v\u00e1llalja, hogy a Megrendel\u0151vel egyeztetett id\u0151pontra a sz\u00e1ll\u00edt\u00e1si c\u00edmre sz\u00e1ll\u00edtja a megrendelt term\u00e9k legal\u00e1bb h\u00e1rom p\u00e9ld\u00e1ny\u00e1t.<\/p>\n<p>A Szolg\u00e1ltat\u00f3t az \u00dcgyf\u00e9l \u00e1ltal t\u00e9vesen \u00e9s\/vagy pontatlanul megadott adatokra visszavezethet\u0151 sz\u00e1ll\u00edt\u00e1si k\u00e9sedelem\u00e9rt, illetve egy\u00e9b probl\u00e9m\u00e1\u00e9rt, hib\u00e1\u00e9rt semminem\u0171 felel\u0151ss\u00e9g nem terheli. Minden megrendel\u00e9st visszaigazolunk, \u00edgy csak a visszaigazol\u00e1st k\u00f6vet\u0151en l\u00e9trej\u00f6tt meg\u00e1llapod\u00e1s sz\u00e1m\u00edt megrendel\u00e9snek.<\/p>\n<p>A megrendel\u0151 a t\u00e9vesen leadott megrendel\u00e9st telefonon m\u00f3dos\u00edthatja.<\/p>\n<p>A Szolg\u00e1ltat\u00f3 v\u00e1llalja, hogy a weboldalon elhelyezett hirdet\u00e9s alapj\u00e1n a kisz\u00e1ll\u00edt\u00e1s helysz\u00edn\u00e9n a Megrendel\u0151 t\u00f6bb term\u00e9k k\u00f6z\u00fcl v\u00e1laszthat.<\/p>\n<p>A Szolg\u00e1ltat\u00f3 v\u00e1llalja, hogy a kisz\u00e1ll\u00edtott term\u00e9ket a helysz\u00ednen\u00a0talpa \u00e1ll\u00edtja, amennyiben a megrendel\u0151 erre ig\u00e9nyt tart.<\/p>\n<p>A v\u00e9tel\u00e1r mindig a kiv\u00e1lasztott term\u00e9k mellett felt\u00fcntetett \u00f6sszeg.\u00a0 A term\u00e9kek v\u00e9tel\u00e1ra tartalmazza a kisz\u00e1ll\u00edt\u00e1s k\u00f6lts\u00e9g\u00e9t, azaz tov\u00e1bbi k\u00f6lts\u00e9gek a kisz\u00e1ll\u00edt\u00e1st k\u00f6vet\u0151en nem mer\u00fclnek fel.<\/p>\n<p>Az \u00dcgyf\u00e9l a megrendel\u00e9s lead\u00e1s\u00e1val kijelenti, hogy a jelen \u00c1ltal\u00e1nos Szerz\u0151d\u00e9si Felt\u00e9teleket elfogadja \u00e9s mag\u00e1ra n\u00e9zve k\u00f6telez\u0151nek ismeri el.<\/p>\n<p>Az \u00dcgyf\u00e9l a v\u00e1s\u00e1rl\u00e1s sor\u00e1n esetlegesen felmer\u00fcl\u0151 panaszait a weboldalon szerepl\u0151 el\u00e9rhet\u0151s\u00e9gek valamelyik\u00e9n teheti meg. A Szolg\u00e1ltat\u00f3 panaszkezel\u00e9se minden esetben t\u00e9r\u00edt\u00e9smentes.<\/p>\n<p>A Szolg\u00e1ltat\u00f3 nem fogad szem\u00e9lyesen a weboldal \u00e9s saj\u00e1t szolg\u00e1ltat\u00e1sa \u00fcgy\u00e9ben \u00fcgyfeleket, panaszt elektronikus \u00faton,\u00a0 a weboldalon megadott el\u00e9rhet\u0151s\u00e9gek valamelyik\u00e9n lehet beny\u00fajtani.<\/p>\n<p>A Szolg\u00e1ltat\u00f3 a Megrendel\u0151 adatait biztons\u00e1gosan kezeli, \u00e9s harmadik f\u00e9l sz\u00e1m\u00e1ra nem adja ki, illetve rekl\u00e1mkamp\u00e1nyra csak a Megrendel\u0151 k\u00fcl\u00f6n beleegyez\u00e9s\u00e9vel haszn\u00e1lja fel.<\/p>\n<p>A Szolg\u00e1ltat\u00f3 fenntartja mag\u00e1nak a jogot, hogy b\u00e1rmilyen rendel\u00e9s teljes\u00edt\u00e9s\u00e9t elutas\u00edtsa indokl\u00e1ssal, err\u0151l a Megrendel\u0151t t\u00e1j\u00e9koztatja m\u00e9g a kisz\u00e1ll\u00edt\u00e1si intervallum lej\u00e1rta el\u0151tt.<\/p>\n<p>A Megrendel\u0151 a szolg\u00e1ltat\u00e1s ig\u00e9nybev\u00e9tel\u00e9vel elfogadja, hogy a j\u00f6v\u0151ben szezon\u00e1lis, \u00e9vente egyszer megism\u00e9tl\u0151d\u0151 \u00e9rtes\u00edt\u00e9st k\u00fcldj\u00f6n a Szolg\u00e1ltat\u00f3 t\u00e1j\u00e9koztat\u00f3 jelleggel az aktu\u00e1lis szolg\u00e1ltat\u00e1sokat illet\u0151en.<\/p>\n<p>A Megrendel\u0151\u00a0 al\u00e1\u00edr\u00e1s\u00e1val hiteles\u00edti a megrendel\u00e9s teljes\u00edt\u00e9s\u00e9t. Ezzel elismeri, hogy a megrendelt \u00e1rut megtekintette, \u00e9s az mindenben megfelelt elv\u00e1r\u00e1sainak. A helysz\u00ednen kiegyenl\u00edtette a szolg\u00e1ltat\u00e1s v\u00e9tel\u00e1r\u00e1t \u00e9s megkapta a sz\u00e1ml\u00e1t. A Szolg\u00e1ltat\u00f3 innent\u0151l teljes\u00edtettnek tekinti az \u00fcgyletet. Az ezt k\u00f6vet\u0151 reklam\u00e1ci\u00f3k\u00e9rt a Szolg\u00e1ltat\u00f3 semmif\u00e9le garanci\u00e1t nem v\u00e1llal.<\/p>\n<p>Minden egy\u00e9b, a szolg\u00e1ltat\u00e1st\u00a0 k\u00f6zvetlen\u00fcl \u00e9s k\u00f6zvetve \u00e9rint\u0151 k\u00e9rd\u00e9sekben a hat\u00e1lyos B\u00fcntet\u0151 T\u00f6rv\u00e9nyk\u00f6nyv, illetve Fogyaszt\u00f3v\u00e9delmi Hat\u00f3s\u00e1g az illet\u00e9kes.<\/p>\n<p>A nyilatkozat visszavon\u00e1sig \u00e9rv\u00e9nyes.<\/p>\n<p style=\"text-align: center;\"><em>Kelt : Budapest, 2016-11-10<\/em><\/p>\n<p style=\"text-align: right;\">Gilincsek Edg\u00e1r<br \/>\nTulajdonos<\/p>\n","protected":false},"excerpt":{"rendered":"<p>Jelen weboldal \u00fczemeltet\u0151je Gilincsek Edg\u00e1r \u0151stermel\u0151 (C\u00edm: 1027 Budapest, Frankel Le\u00f3 u. 24. Ad\u00f3sz\u00e1m: 74996274-1-41, Telephely: 8800 Nagykanizsa K\u00fclter\u00fclet Hrsz.:1105\/25), \u00a0tov\u00e1bbiakban mint &#8220;Szolg\u00e1ltat\u00f3&#8221;, \u00a0az al\u00e1bbiakban nyilatkozik a http:\/\/karacsonyfa-vasar.hu\/english oldalon ig\u00e9nybe vehet\u0151 szolg\u00e1ltat\u00e1sokat \u00e9s szerz\u0151d\u00e9ses felt\u00e9teleket illet\u0151en. A karacsonyfa-vasar.hu oldalon a v\u00e1s\u00e1rl\u00e1s elektronikus \u00faton leadott megrendel\u00e9ssel vagy telefonon t\u00f6rt\u00e9n\u0151 megrendel\u00e9ssel lehets\u00e9ges. A karacsonyfa-vasar.hu szolg\u00e1ltat\u00e1s\u00e1t b\u00e1rki jogosult [&hellip;]<\/p>\n","protected":false},"author":1,"featured_media":0,"parent":0,"menu_order":0,"comment_status":"closed","ping_status":"closed","template":"","meta":{"footnotes":""},"class_list":["post-18","page","type-page","status-publish","hentry"],"_links":{"self":[{"href":"https:\/\/karacsonyfa-vasar.hu\/english\/wp-json\/wp\/v2\/pages\/18","targetHints":{"allow":["GET"]}}],"collection":[{"href":"https:\/\/karacsonyfa-vasar.hu\/english\/wp-json\/wp\/v2\/pages"}],"about":[{"href":"https:\/\/karacsonyfa-vasar.hu\/english\/wp-json\/wp\/v2\/types\/page"}],"author":[{"embeddable":true,"href":"https:\/\/karacsonyfa-vasar.hu\/english\/wp-json\/wp\/v2\/users\/1"}],"replies":[{"embeddable":true,"href":"https:\/\/karacsonyfa-vasar.hu\/english\/wp-json\/wp\/v2\/comments?post=18"}],"version-history":[{"count":3,"href":"https:\/\/karacsonyfa-vasar.hu\/english\/wp-json\/wp\/v2\/pages\/18\/revisions"}],"predecessor-version":[{"id":86,"href":"https:\/\/karacsonyfa-vasar.hu\/english\/wp-json\/wp\/v2\/pages\/18\/revisions\/86"}],"wp:attachment":[{"href":"https:\/\/karacsonyfa-vasar.hu\/english\/wp-json\/wp\/v2\/media?parent=18"}],"curies":[{"name":"wp","href":"https:\/\/api.w.org\/{rel}","templated":true}]}}